{"id":3217,"date":"2019-03-13T00:49:13","date_gmt":"2019-03-12T22:49:13","guid":{"rendered":"https:\/\/www.dksport.si\/?page_id=3217"},"modified":"2019-03-13T00:50:26","modified_gmt":"2019-03-12T22:50:26","slug":"sitemap","status":"publish","type":"page","link":"https:\/\/www.dksport.si\/sl\/sitemap\/","title":{"rendered":"Kazalo Strani"},"content":{"rendered":"<div data-elementor-type=\"wp-post\" data-elementor-id=\"3217\" class=\"elementor elementor-3217 elementor-bc-flex-widget\">\n\t\t\t\t\t\t<div class=\"elementor-inner\">\n\t\t\t\t<div class=\"elementor-section-wrap\">\n\t\t\t\t\t\t\t\t\t<section class=\"elementor-section elementor-top-section elementor-element elementor-element-529590f1 elementor-section-boxed elementor-section-height-default elementor-section-height-default\" data-id=\"529590f1\" data-element_type=\"section\">\n\t\t\t\t\t\t<div class=\"elementor-container elementor-column-gap-default\">\n\t\t\t\t\t\t\t<div class=\"elementor-row\">\n\t\t\t\t\t<div class=\"elementor-column elementor-col-100 elementor-top-column elementor-element elementor-element-279b84f\" data-id=\"279b84f\" data-element_type=\"column\">\n\t\t\t<div class=\"elementor-column-wrap elementor-element-populated\">\n\t\t\t\t\t\t\t<div class=\"elementor-widget-wrap\">\n\t\t\t\t\t\t<div class=\"elementor-element elementor-element-1e96431f elementor-widget elementor-widget-text-editor\" data-id=\"1e96431f\" data-element_type=\"widget\" data-widget_type=\"text-editor.default\">\n\t\t\t\t<div class=\"elementor-widget-container\">\n\t\t\t\t\t\t\t\t<div class=\"elementor-text-editor elementor-clearfix\">\n\t\t\t\t<!-- wp:paragraph -->\n<p><div class=\"wsp-container\"><h2 class=\"wsp-pages-title\">Pages<\/h2>\n<ul class=\"wsp-pages-list\">\n<li class=\"page_item page-item-1901\"><a href=\"https:\/\/www.dksport.si\/sl\/how-to-get-soca-valley\/\">3 Easy Ways How to Get to So\u010da Valley &#038; Bovec<\/a><\/li>\n<li class=\"page_item page-item-1893\"><a href=\"https:\/\/www.dksport.si\/sl\/bovec-booking-contact\/\">Booking &#038; Info \/ Bovec Outdoor Specialist, Slovenia<\/a><\/li>\n<li class=\"page_item page-item-1889\"><a href=\"https:\/\/www.dksport.si\/sl\/soca-valley-adrenaline-adventures\/\">Bovec Adventure Holidays, So\u010da Valley &#8211; Slovenia<\/a><\/li>\n<li class=\"page_item page-item-1869\"><a href=\"https:\/\/www.dksport.si\/sl\/\">Kayak So\u010da River &#038; Mountain Bike Tours, Bovec | So\u010da Valley<\/a><\/li>\n<li class=\"page_item page-item-1874\"><a href=\"https:\/\/www.dksport.si\/sl\/kayak-soca-river-bovec\/\">Kayak So\u010da River: Bovec Kayak School &#038; Tours &#8211; Slovenia<\/a><\/li>\n<li class=\"page_item page-item-1882\"><a href=\"https:\/\/www.dksport.si\/sl\/mountain-biking-bovec\/\">MTB Bovec &#038; So\u010da Valley &#8211; Mountain Bike Slovenia<\/a><\/li>\n<li class=\"page_item page-item-2455\"><a href=\"https:\/\/www.dksport.si\/sl\/price-list\/\">Price List &#8211; Kajak, MTB Tours &#038; Ski \/ Bovec, Slovenia<\/a><\/li>\n<li class=\"page_item page-item-2533\"><a href=\"https:\/\/www.dksport.si\/sl\/privacy-policy\/\">Politika Zasebnosti<\/a><\/li>\n<li class=\"page_item page-item-2106\"><a href=\"https:\/\/www.dksport.si\/sl\/request_received\/\">Request Received<\/a><\/li>\n<li class=\"page_item page-item-3217\"><a href=\"https:\/\/www.dksport.si\/sl\/sitemap\/\">Kazalo Strani<\/a><\/li>\n<li class=\"page_item page-item-1885\"><a href=\"https:\/\/www.dksport.si\/sl\/bovec-ski-school-slovenia\/\">Skiing in Bovec &#8211; Private Ski Lessons &#038; Kids Ski School<\/a><\/li>\n<li class=\"page_item page-item-1897\"><a href=\"https:\/\/www.dksport.si\/sl\/meet-team-dksport\/\">Team DK SPORT \/ Kayak, MTB &#038; Ski Specialist, Bovec<\/a><\/li>\n<li class=\"page_item page-item-2244\"><a href=\"https:\/\/www.dksport.si\/sl\/visit-bovec-slovenia\/\">Things To Do in Bovec &#038; So\u010da Valley, Slovenia<\/a><\/li>\n<li class=\"page_item page-item-140\"><a href=\"https:\/\/www.dksport.si\/sl\/gallery-bovec-slovenia\/\">Top Reasons to Visit Bovec &#038; So\u010da Valley, Slovenia<\/a><\/li>\n<li class=\"page_item page-item-2591\"><a href=\"https:\/\/www.dksport.si\/sl\/bike-shuttle-soca-valley\/\">Bike Shuttle in Bovec &#038; So\u010da Valley &#8211; MTB Slovenia<\/a><\/li>\n<\/ul>\n<h2 class=\"wsp-posts-title\">Posts by category<\/h2>\n<ul class=\"wsp-posts-list\">\n\t<li><strong class=\"wsp-category-title\">Category: <a href=\"https:\/\/www.dksport.si\/sl\/category\/day-trips\/\">Day Trips<\/a><\/strong>\n<ul class=\"wsp-posts-list\">\t\t<li class=\"wsp-post\"><a href=\"https:\/\/www.dksport.si\/sl\/things-to-do-around-bovec-soca-valley\/\">Bovec &#8211; Things To Do In So\u010da Valley<\/a><\/li>\n<\/ul><\/li>\n\t<li><strong class=\"wsp-category-title\">Category: <a href=\"https:\/\/www.dksport.si\/sl\/category\/exploring\/\">Exploring<\/a><\/strong>\n<ul class=\"wsp-posts-list\">\t\t<li class=\"wsp-post\"><a href=\"https:\/\/www.dksport.si\/sl\/kayak-soca-river-best-sections\/\">Top 5 So\u010da River Kayaking Sections &#8211; Kayak Slovenia<\/a><\/li>\n\t\t<li class=\"wsp-post\"><a href=\"https:\/\/www.dksport.si\/sl\/yurty-bar-best-bar-bovec\/\">Yurty bar &#8211; Best Chill Out Bar in Bovec, Slovenia<\/a><\/li>\n<\/ul><\/li>\n\t<li><strong class=\"wsp-category-title\">Category: <a href=\"https:\/\/www.dksport.si\/sl\/category\/family\/\">Dru\u017eina<\/a><\/strong>\n<\/li>\n\t<li><strong class=\"wsp-category-title\">Category: <a href=\"https:\/\/www.dksport.si\/sl\/category\/kayak\/\">Kajak<\/a><\/strong>\n<ul class=\"wsp-posts-list\">\t\t<li class=\"wsp-post\"><a href=\"https:\/\/www.dksport.si\/sl\/kayaking-soca-bovec-slovenia\/\">Kajak Reka So\u010da \/ Vpogled v Nadaljevalno Kajak \u0160olo<\/a><\/li>\n\t\t<li class=\"wsp-post\"><a href=\"https:\/\/www.dksport.si\/sl\/soca-river-kayaking-map\/\">So\u010da Kayak Map \/ Soca Slowenien Kajak Karte<\/a><\/li>\n\t\t<li class=\"wsp-post\"><a href=\"https:\/\/www.dksport.si\/sl\/emerald-green-soca-river\/\">Zakaj je Reka So\u010da Smaragdne Barve?<\/a><\/li>\n\t\t<li class=\"wsp-post\"><a href=\"https:\/\/www.dksport.si\/sl\/bovec-kayak-school-video\/\">Kajaka\u0161tvo na So\u010di je Zabavno! Pridru\u017ei se nam na Kajak \u0160oli za Za\u010detnike v Bovcu<\/a><\/li>\n\t\t<li class=\"wsp-post\"><a href=\"https:\/\/www.dksport.si\/sl\/ice-is-melting-learn-to-kayak\/\">Ice is Melting, Learn to Kayak on So\u010da River \/ Slovenia<\/a><\/li>\n<\/ul><\/li>\n\t<li><strong class=\"wsp-category-title\">Category: <a href=\"https:\/\/www.dksport.si\/sl\/category\/mountain-bike\/\">MTB<\/a><\/strong>\n<ul class=\"wsp-posts-list\">\t\t<li class=\"wsp-post\"><a href=\"https:\/\/www.dksport.si\/sl\/mtb-pack-list\/\">Kaj Spakirati za MTB Turo po Sloveniji?<\/a><\/li>\n<\/ul><\/li>\n\t<li><strong class=\"wsp-category-title\">Category: <a href=\"https:\/\/www.dksport.si\/sl\/category\/planning-your-trip\/\">Planning Your Trip<\/a><\/strong>\n<ul class=\"wsp-posts-list\">\t\t<li class=\"wsp-post\"><a href=\"https:\/\/www.dksport.si\/sl\/best-restaurants-bovec\/\">4 Najbolj\u0161e Restavracije v Bovcu<\/a><\/li>\n<\/ul><\/li>\n\t<li><strong class=\"wsp-category-title\">Category: <a href=\"https:\/\/www.dksport.si\/sl\/category\/uncategorized\/\">Uncategorized<\/a><\/strong>\n<\/li>\n<\/ul>\n<h2 class=\"wsp-themo_tours-title\">Tours<\/h2>\n<ul class=\"wsp-themo_tours-list\">\n<li><a href=\"https:\/\/www.dksport.si\/sl\/tour\/mountain-bike-soca-valley-holidays\/\">Mountain Bike Bovec &#8211; MTB So\u010da Valley, Slovenia<\/a><\/li>\n<li><a href=\"https:\/\/www.dksport.si\/sl\/tour\/skiing-adults-bovec-private\/\">Skiing in Bovec: UPS Ski School &amp; Private Ski Lessons<\/a><\/li>\n<li><a href=\"https:\/\/www.dksport.si\/sl\/tour\/skiing-bovec-slovenia-kids\/\">Skiing in Bovec: Kids Ski School &amp; Lessons \/ Sella Nevea, Tarvisio<\/a><\/li>\n<li><a href=\"https:\/\/www.dksport.si\/sl\/tour\/women-adventure-retreat-mtb-yoga\/\">Women Mountain Bike &amp; Yoga Adventure Retreat So\u010da Valley<\/a><\/li>\n<li><a href=\"https:\/\/www.dksport.si\/sl\/tour\/soca-river-kayaking-guide\/\">Kayak So\u010da: Guided Kayaking Tours in Bovec &amp; So\u010da Valley, Slovenia<\/a><\/li>\n<li><a href=\"https:\/\/www.dksport.si\/sl\/tour\/best-slovenia-mtb-trail\/\">7 Great MTB Trails in So\u010da Valley &#8211; Mountain Bike Tours Bovec<\/a><\/li>\n<li><a href=\"https:\/\/www.dksport.si\/sl\/tour\/advanced-soca-kayak-bovec\/\">Advanced White Water Kayak School on Soca River, Bovec<\/a><\/li>\n<li><a href=\"https:\/\/www.dksport.si\/sl\/tour\/intermediate-kayak-soca-bovec\/\">Kayak So\u010da: Intermediate Kayak School in Bovec, Slovenia<\/a><\/li>\n<li><a href=\"https:\/\/www.dksport.si\/sl\/tour\/easy-kayaking-soca-bovec\/\">Kajak So\u010da: Kayak School for Beginners in Bovec, So\u010da Valley<\/a><\/li>\n<li><a href=\"https:\/\/www.dksport.si\/sl\/tour\/easy-family-kayaking-soca\/\">Kayak So\u010da: Family Kayak Courses on So\u010da River in Bovec<\/a><\/li>\n<\/ul>\n<h2 class=\"wsp-themo_tour_types-title\">Tour Types<\/h2>\n<ul class=\"wsp-themo_tour_types-list\">\n<li><a href=\"https:\/\/www.dksport.si\/sl\/tour-type\/family-kayaking\/\">Dru\u017eina<\/a><\/li>\n<li><a href=\"https:\/\/www.dksport.si\/sl\/tour-type\/kayak\/\">Kajak<\/a><\/li>\n<li><a href=\"https:\/\/www.dksport.si\/sl\/tour-type\/mountain-bike\/\">MTB<\/a><\/li>\n<li><a href=\"https:\/\/www.dksport.si\/sl\/tour-type\/multi-day\/\">Ve\u010d Dni<\/a><\/li>\n<li><a href=\"https:\/\/www.dksport.si\/sl\/tour-type\/private\/\">Privat<\/a><\/li>\n<li><a href=\"https:\/\/www.dksport.si\/sl\/tour-type\/ski\/\">Smu\u010danje<\/a><\/li>\n<\/ul>\n<h2 class=\"wsp-booked_custom_calendarss-title\">Custom Calendars<\/h2>\n<ul class=\"wsp-booked_custom_calendarss-list\">\n<li><a href=\"https:\/\/www.dksport.si\/sl\/custom-calendar\/kayak-activities\/\">Kayak Activities<\/a><\/li>\n<li><a href=\"https:\/\/www.dksport.si\/sl\/custom-calendar\/ski-school-calendar\/\">Ski School Calendar<\/a><\/li>\n<\/ul>\n<\/div><\/p>\n<!-- \/wp:paragraph -->\t\t\t\t\t<\/div>\n\t\t\t\t\t\t<\/div>\n\t\t\t\t<\/div>\n\t\t\t\t\t\t<\/div>\n\t\t\t\t\t<\/div>\n\t\t<\/div>\n\t\t\t\t\t\t\t\t<\/div>\n\t\t\t\t\t<\/div>\n\t\t<\/section>\n\t\t\t\t\t\t\t\t\t<\/div>\n\t\t\t<\/div>\n\t\t\t\t\t<\/div>","protected":false},"excerpt":{"rendered":"","protected":false},"author":1,"featured_media":0,"parent":0,"menu_order":0,"comment_status":"closed","ping_status":"closed","template":"","meta":{"footnotes":""},"class_list":["post-3217","page","type-page","status-publish","hentry"],"yoast_head":"<!-- This site is optimized with the Yoast SEO plugin v27.3 - https:\/\/yoast.com\/product\/yoast-seo-wordpress\/ -->\n<title>Sitemap | DK<\/title>\n<meta name=\"description\" content=\"DK SPORT Sitemap. Slovenia kayaking holidays. Soca river kayaking. Biking Slovenia. Mountain biking Bovec. MTB Slovenia. Mountain biking Soca Valley.\" \/>\n<meta name=\"robots\" content=\"index, follow, max-snippet:-1, max-image-preview:large, max-video-preview:-1\" \/>\n<link rel=\"canonical\" href=\"https:\/\/www.dksport.si\/sl\/sitemap\/\" \/>\n<meta property=\"og:locale\" content=\"sl_SI\" \/>\n<meta property=\"og:type\" content=\"article\" \/>\n<meta property=\"og:title\" content=\"Sitemap | DK\" \/>\n<meta property=\"og:description\" content=\"DK SPORT Sitemap. Slovenia kayaking holidays. Soca river kayaking. Biking Slovenia. Mountain biking Bovec. MTB Slovenia. Mountain biking Soca Valley.\" \/>\n<meta property=\"og:url\" content=\"https:\/\/www.dksport.si\/sl\/sitemap\/\" \/>\n<meta property=\"og:site_name\" content=\"DK\" \/>\n<meta property=\"article:publisher\" content=\"https:\/\/www.facebook.com\/dksportactivities\/\" \/>\n<meta property=\"article:modified_time\" content=\"2019-03-12T22:50:26+00:00\" \/>\n<meta name=\"twitter:card\" content=\"summary_large_image\" \/>\n<script type=\"application\/ld+json\" class=\"yoast-schema-graph\">{\"@context\":\"https:\\\/\\\/schema.org\",\"@graph\":[{\"@type\":\"WebPage\",\"@id\":\"https:\\\/\\\/www.dksport.si\\\/sitemap\\\/\",\"url\":\"https:\\\/\\\/www.dksport.si\\\/sitemap\\\/\",\"name\":\"Sitemap | DK\",\"isPartOf\":{\"@id\":\"https:\\\/\\\/www.dksport.si\\\/#website\"},\"datePublished\":\"2019-03-12T22:49:13+00:00\",\"dateModified\":\"2019-03-12T22:50:26+00:00\",\"description\":\"DK SPORT Sitemap. Slovenia kayaking holidays. Soca river kayaking. Biking Slovenia. Mountain biking Bovec. MTB Slovenia. Mountain biking Soca Valley.\",\"breadcrumb\":{\"@id\":\"https:\\\/\\\/www.dksport.si\\\/sitemap\\\/#breadcrumb\"},\"inLanguage\":\"sl-SI\",\"potentialAction\":[{\"@type\":\"ReadAction\",\"target\":[\"https:\\\/\\\/www.dksport.si\\\/sitemap\\\/\"]}]},{\"@type\":\"BreadcrumbList\",\"@id\":\"https:\\\/\\\/www.dksport.si\\\/sitemap\\\/#breadcrumb\",\"itemListElement\":[{\"@type\":\"ListItem\",\"position\":1,\"name\":\"Home\",\"item\":\"https:\\\/\\\/www.dksport.si\\\/\"},{\"@type\":\"ListItem\",\"position\":2,\"name\":\"Sitemap\"}]},{\"@type\":\"WebSite\",\"@id\":\"https:\\\/\\\/www.dksport.si\\\/#website\",\"url\":\"https:\\\/\\\/www.dksport.si\\\/\",\"name\":\"DK\",\"description\":\"Kayak So\u010da River &amp; Mountain Bike So\u010da Valley\",\"publisher\":{\"@id\":\"https:\\\/\\\/www.dksport.si\\\/#organization\"},\"potentialAction\":[{\"@type\":\"SearchAction\",\"target\":{\"@type\":\"EntryPoint\",\"urlTemplate\":\"https:\\\/\\\/www.dksport.si\\\/?s={search_term_string}\"},\"query-input\":{\"@type\":\"PropertyValueSpecification\",\"valueRequired\":true,\"valueName\":\"search_term_string\"}}],\"inLanguage\":\"sl-SI\"},{\"@type\":\"Organization\",\"@id\":\"https:\\\/\\\/www.dksport.si\\\/#organization\",\"name\":\"DK SPORT\",\"url\":\"https:\\\/\\\/www.dksport.si\\\/\",\"logo\":{\"@type\":\"ImageObject\",\"inLanguage\":\"sl-SI\",\"@id\":\"https:\\\/\\\/www.dksport.si\\\/#\\\/schema\\\/logo\\\/image\\\/\",\"url\":\"https:\\\/\\\/www.dksport.si\\\/wp-content\\\/uploads\\\/2018\\\/03\\\/logoXS.jpg\",\"contentUrl\":\"https:\\\/\\\/www.dksport.si\\\/wp-content\\\/uploads\\\/2018\\\/03\\\/logoXS.jpg\",\"width\":320,\"height\":214,\"caption\":\"DK SPORT\"},\"image\":{\"@id\":\"https:\\\/\\\/www.dksport.si\\\/#\\\/schema\\\/logo\\\/image\\\/\"},\"sameAs\":[\"https:\\\/\\\/www.facebook.com\\\/dksportactivities\\\/\",\"https:\\\/\\\/www.instagram.com\\\/dksport.si\\\/\"]}]}<\/script>\n<!-- \/ Yoast SEO plugin. -->","yoast_head_json":{"title":"Sitemap | DK","description":"DK SPORT Sitemap. Slovenia kayaking holidays. Soca river kayaking. Biking Slovenia. Mountain biking Bovec. MTB Slovenia. Mountain biking Soca Valley.","robots":{"index":"index","follow":"follow","max-snippet":"max-snippet:-1","max-image-preview":"max-image-preview:large","max-video-preview":"max-video-preview:-1"},"canonical":"https:\/\/www.dksport.si\/sl\/sitemap\/","og_locale":"sl_SI","og_type":"article","og_title":"Sitemap | DK","og_description":"DK SPORT Sitemap. Slovenia kayaking holidays. Soca river kayaking. Biking Slovenia. Mountain biking Bovec. MTB Slovenia. Mountain biking Soca Valley.","og_url":"https:\/\/www.dksport.si\/sl\/sitemap\/","og_site_name":"DK","article_publisher":"https:\/\/www.facebook.com\/dksportactivities\/","article_modified_time":"2019-03-12T22:50:26+00:00","twitter_card":"summary_large_image","schema":{"@context":"https:\/\/schema.org","@graph":[{"@type":"WebPage","@id":"https:\/\/www.dksport.si\/sitemap\/","url":"https:\/\/www.dksport.si\/sitemap\/","name":"Sitemap | DK","isPartOf":{"@id":"https:\/\/www.dksport.si\/#website"},"datePublished":"2019-03-12T22:49:13+00:00","dateModified":"2019-03-12T22:50:26+00:00","description":"DK SPORT Sitemap. Slovenia kayaking holidays. Soca river kayaking. Biking Slovenia. Mountain biking Bovec. MTB Slovenia. Mountain biking Soca Valley.","breadcrumb":{"@id":"https:\/\/www.dksport.si\/sitemap\/#breadcrumb"},"inLanguage":"sl-SI","potentialAction":[{"@type":"ReadAction","target":["https:\/\/www.dksport.si\/sitemap\/"]}]},{"@type":"BreadcrumbList","@id":"https:\/\/www.dksport.si\/sitemap\/#breadcrumb","itemListElement":[{"@type":"ListItem","position":1,"name":"Home","item":"https:\/\/www.dksport.si\/"},{"@type":"ListItem","position":2,"name":"Sitemap"}]},{"@type":"WebSite","@id":"https:\/\/www.dksport.si\/#website","url":"https:\/\/www.dksport.si\/","name":"DK","description":"Kayak So\u010da River &amp; Mountain Bike So\u010da Valley","publisher":{"@id":"https:\/\/www.dksport.si\/#organization"},"potentialAction":[{"@type":"SearchAction","target":{"@type":"EntryPoint","urlTemplate":"https:\/\/www.dksport.si\/?s={search_term_string}"},"query-input":{"@type":"PropertyValueSpecification","valueRequired":true,"valueName":"search_term_string"}}],"inLanguage":"sl-SI"},{"@type":"Organization","@id":"https:\/\/www.dksport.si\/#organization","name":"DK SPORT","url":"https:\/\/www.dksport.si\/","logo":{"@type":"ImageObject","inLanguage":"sl-SI","@id":"https:\/\/www.dksport.si\/#\/schema\/logo\/image\/","url":"https:\/\/www.dksport.si\/wp-content\/uploads\/2018\/03\/logoXS.jpg","contentUrl":"https:\/\/www.dksport.si\/wp-content\/uploads\/2018\/03\/logoXS.jpg","width":320,"height":214,"caption":"DK SPORT"},"image":{"@id":"https:\/\/www.dksport.si\/#\/schema\/logo\/image\/"},"sameAs":["https:\/\/www.facebook.com\/dksportactivities\/","https:\/\/www.instagram.com\/dksport.si\/"]}]}},"_links":{"self":[{"href":"https:\/\/www.dksport.si\/sl\/wp-json\/wp\/v2\/pages\/3217","targetHints":{"allow":["GET"]}}],"collection":[{"href":"https:\/\/www.dksport.si\/sl\/wp-json\/wp\/v2\/pages"}],"about":[{"href":"https:\/\/www.dksport.si\/sl\/wp-json\/wp\/v2\/types\/page"}],"author":[{"embeddable":true,"href":"https:\/\/www.dksport.si\/sl\/wp-json\/wp\/v2\/users\/1"}],"replies":[{"embeddable":true,"href":"https:\/\/www.dksport.si\/sl\/wp-json\/wp\/v2\/comments?post=3217"}],"version-history":[{"count":2,"href":"https:\/\/www.dksport.si\/sl\/wp-json\/wp\/v2\/pages\/3217\/revisions"}],"predecessor-version":[{"id":3219,"href":"https:\/\/www.dksport.si\/sl\/wp-json\/wp\/v2\/pages\/3217\/revisions\/3219"}],"wp:attachment":[{"href":"https:\/\/www.dksport.si\/sl\/wp-json\/wp\/v2\/media?parent=3217"}],"curies":[{"name":"wp","href":"https:\/\/api.w.org\/{rel}","templated":true}]}}